{"id":1320,"date":"2023-08-01T16:45:46","date_gmt":"2023-08-01T14:45:46","guid":{"rendered":"https:\/\/marievelemay.com\/workshops\/"},"modified":"2023-11-10T20:33:45","modified_gmt":"2023-11-10T19:33:45","slug":"workshops","status":"publish","type":"page","link":"https:\/\/marievelemay.com\/en\/workshops\/","title":{"rendered":"Workshops"},"content":{"rendered":"<p>[et_pb_section fb_built=\u00a0\u00bb1&Prime; _builder_version=\u00a0\u00bb4.21.0&Prime; _module_preset=\u00a0\u00bbdefault\u00a0\u00bb background_image=\u00a0\u00bbhttps:\/\/marievelemay.com\/wp-content\/uploads\/2023\/09\/Pink-Geometric-Gaming-Youtube-Banner-3.png\u00a0\u00bb min_height=\u00a0\u00bb766px\u00a0\u00bb global_colors_info=\u00a0\u00bb{}\u00a0\u00bb][et_pb_row _builder_version=\u00a0\u00bb4.21.0&Prime; _module_preset=\u00a0\u00bbdefault\u00a0\u00bb global_colors_info=\u00a0\u00bb{}\u00a0\u00bb][et_pb_column type=\u00a0\u00bb4_4&Prime; _builder_version=\u00a0\u00bb4.21.0&Prime; _module_preset=\u00a0\u00bbdefault\u00a0\u00bb global_colors_info=\u00a0\u00bb{}\u00a0\u00bb][et_pb_text _builder_version=\u00a0\u00bb4.21.0&Prime; _module_preset=\u00a0\u00bbdefault\u00a0\u00bb text_font=\u00a0\u00bbPetit Formal Script||||||||\u00a0\u00bb text_text_color=\u00a0\u00bb#FFFFFF\u00a0\u00bb text_font_size=\u00a0\u00bb92px\u00a0\u00bb text_orientation=\u00a0\u00bbcenter\u00a0\u00bb custom_margin=\u00a0\u00bb283px|||-32px|false|false\u00a0\u00bb custom_margin_tablet=\u00a0\u00bb283px|||-32px|false|false\u00a0\u00bb custom_margin_phone=\u00a0\u00bb283px|||-32px|false|false\u00a0\u00bb custom_margin_last_edited=\u00a0\u00bbon|desktop\u00a0\u00bb text_font_size_tablet=\u00a0\u00bb63px\u00a0\u00bb text_font_size_phone=\u00a0\u00bb30px\u00a0\u00bb text_font_size_last_edited=\u00a0\u00bbon|phone\u00a0\u00bb global_colors_info=\u00a0\u00bb{}\u00a0\u00bb]<\/p>\n<p>Workshops<\/p>\n<p>[\/et_pb_text][\/et_pb_column][\/et_pb_row][\/et_pb_section][et_pb_section fb_built=\u00a0\u00bb1&Prime; _builder_version=\u00a0\u00bb4.21.0&Prime; _module_preset=\u00a0\u00bbdefault\u00a0\u00bb global_colors_info=\u00a0\u00bb{}\u00a0\u00bb][et_pb_row column_structure=\u00a0\u00bb1_2,1_2&Prime; _builder_version=\u00a0\u00bb4.21.0&Prime; _module_preset=\u00a0\u00bbdefault\u00a0\u00bb global_colors_info=\u00a0\u00bb{}\u00a0\u00bb][et_pb_column type=\u00a0\u00bb1_2&Prime; _builder_version=\u00a0\u00bb4.21.0&Prime; _module_preset=\u00a0\u00bbdefault\u00a0\u00bb global_colors_info=\u00a0\u00bb{}\u00a0\u00bb][et_pb_image src=\u00a0\u00bbhttps:\/\/marievelemay.com\/wp-content\/uploads\/2023\/09\/2-1.png\u00a0\u00bb title_text=\u00a0\u00bbAtelier enflamme tes \u00e9motions\u00a0\u00bb _builder_version=\u00a0\u00bb4.21.0&Prime; _module_preset=\u00a0\u00bbdefault\u00a0\u00bb global_colors_info=\u00a0\u00bb{}\u00a0\u00bb][\/et_pb_image][et_pb_text _builder_version=\u00a0\u00bb4.21.0&Prime; _module_preset=\u00a0\u00bbdefault\u00a0\u00bb text_font=\u00a0\u00bbPetit Formal Script||||||||\u00a0\u00bb text_text_color=\u00a0\u00bb#CD892A\u00a0\u00bb text_font_size=\u00a0\u00bb26px\u00a0\u00bb text_letter_spacing=\u00a0\u00bb2px\u00a0\u00bb text_orientation=\u00a0\u00bbcenter\u00a0\u00bb custom_margin_tablet=\u00a0\u00bb49px||||false|false\u00a0\u00bb custom_margin_phone=\u00a0\u00bb49px||||false|false\u00a0\u00bb custom_margin_last_edited=\u00a0\u00bbon|tablet\u00a0\u00bb text_font_size_tablet=\u00a0\u00bb31px\u00a0\u00bb text_font_size_phone=\u00a0\u00bb31px\u00a0\u00bb text_font_size_last_edited=\u00a0\u00bbon|phone\u00a0\u00bb text_line_height_tablet=\u00a0\u00bb\u00a0\u00bb text_line_height_phone=\u00a0\u00bb1.2em\u00a0\u00bb text_line_height_last_edited=\u00a0\u00bbon|phone\u00a0\u00bb text_orientation_tablet=\u00a0\u00bbcenter\u00a0\u00bb text_orientation_phone=\u00a0\u00bbcenter\u00a0\u00bb text_orientation_last_edited=\u00a0\u00bbon|tablet\u00a0\u00bb global_colors_info=\u00a0\u00bb{}\u00a0\u00bb]<\/p>\n<p><strong>Workshop: Ignite your emotions<\/strong><\/p>\n<p>[\/et_pb_text][et_pb_text _builder_version=\u00a0\u00bb4.21.0&Prime; _module_preset=\u00a0\u00bbdefault\u00a0\u00bb global_colors_info=\u00a0\u00bb{}\u00a0\u00bb]<\/p>\n<p style=\"text-align: justify;\"><span style=\"font-weight: 400;\">The goal of this 2-hour workshop is to learn how to regulate anger and use it to honor limits and say \u00ab\u00a0no\u00a0\u00bb. If you want to become the master of your anger and learn to use it rather than suffer from it, this workshop is for your group of +6 people!<\/span><\/p>\n<p>[\/et_pb_text][et_pb_button button_text=\u00a0\u00bbEn savoir plus sur cet atelier!\u00a0\u00bb button_alignment=\u00a0\u00bbcenter\u00a0\u00bb _builder_version=\u00a0\u00bb4.21.0&Prime; _module_preset=\u00a0\u00bbdefault\u00a0\u00bb custom_button=\u00a0\u00bbon\u00a0\u00bb button_text_color=\u00a0\u00bb#FFFFFF\u00a0\u00bb button_icon=\u00a0\u00bbA||divi||400&Prime; box_shadow_style=\u00a0\u00bbpreset6&Prime; box_shadow_color=\u00a0\u00bb#FFFFFF\u00a0\u00bb box_shadow_position=\u00a0\u00bbouter\u00a0\u00bb global_colors_info=\u00a0\u00bb{}\u00a0\u00bb][\/et_pb_button][\/et_pb_column][et_pb_column type=\u00a0\u00bb1_2&Prime; _builder_version=\u00a0\u00bb4.21.0&Prime; _module_preset=\u00a0\u00bbdefault\u00a0\u00bb global_colors_info=\u00a0\u00bb{}\u00a0\u00bb][et_pb_image src=\u00a0\u00bbhttps:\/\/marievelemay.com\/wp-content\/uploads\/2023\/09\/11-jours-5.png\u00a0\u00bb title_text=\u00a0\u00bbCocon ouat\u00e9 Vibratoire s\u00e9rie de 5 ateliers  \u00a0\u00bb _builder_version=\u00a0\u00bb4.21.0&Prime; _module_preset=\u00a0\u00bbdefault\u00a0\u00bb global_colors_info=\u00a0\u00bb{}\u00a0\u00bb][\/et_pb_image][et_pb_text _builder_version=\u00a0\u00bb4.21.0&Prime; _module_preset=\u00a0\u00bbdefault\u00a0\u00bb text_font=\u00a0\u00bbPetit Formal Script||||||||\u00a0\u00bb text_text_color=\u00a0\u00bb#CD892A\u00a0\u00bb text_font_size=\u00a0\u00bb31px\u00a0\u00bb text_letter_spacing=\u00a0\u00bb2px\u00a0\u00bb text_orientation=\u00a0\u00bbcenter\u00a0\u00bb custom_margin_tablet=\u00a0\u00bb43px||||false|false\u00a0\u00bb custom_margin_phone=\u00a0\u00bb43px||||false|false\u00a0\u00bb custom_margin_last_edited=\u00a0\u00bbon|tablet\u00a0\u00bb text_line_height_tablet=\u00a0\u00bb\u00a0\u00bb text_line_height_phone=\u00a0\u00bb0.9em\u00a0\u00bb text_line_height_last_edited=\u00a0\u00bbon|phone\u00a0\u00bb global_colors_info=\u00a0\u00bb{}\u00a0\u00bb]<\/p>\n<p><strong>Series: Vibrational Cocoon<\/strong><\/p>\n<p>[\/et_pb_text][et_pb_text _builder_version=\u00a0\u00bb4.21.0&Prime; _module_preset=\u00a0\u00bbdefault\u00a0\u00bb custom_margin=\u00a0\u00bb-20px||||false|false\u00a0\u00bb global_colors_info=\u00a0\u00bb{}\u00a0\u00bb]<\/p>\n<p style=\"text-align: justify;\">This series of 5 workshops is an invitation to transcend<span> shame, anger, guilt, fear and sadness so that you can move towards a life where joy and serenity are part of your everyday life<\/span>.<\/p>\n<p>[\/et_pb_text][et_pb_button button_text=\u00a0\u00bbEn savoir plus sur cet atelier!\u00a0\u00bb button_alignment=\u00a0\u00bbcenter\u00a0\u00bb _builder_version=\u00a0\u00bb4.21.0&Prime; _module_preset=\u00a0\u00bbdefault\u00a0\u00bb custom_button=\u00a0\u00bbon\u00a0\u00bb button_text_color=\u00a0\u00bb#FFFFFF\u00a0\u00bb button_icon=\u00a0\u00bbA||divi||400&Prime; box_shadow_style=\u00a0\u00bbpreset6&Prime; box_shadow_color=\u00a0\u00bb#FFFFFF\u00a0\u00bb box_shadow_position=\u00a0\u00bbouter\u00a0\u00bb global_colors_info=\u00a0\u00bb{}\u00a0\u00bb][\/et_pb_button][\/et_pb_column][\/et_pb_row][\/et_pb_section]<\/p>\n","protected":false},"excerpt":{"rendered":"<p>WorkshopsWorkshop: Ignite your emotionsThe goal of this 2-hour workshop is to learn how to regulate anger and use it to honor limits and say \u00ab\u00a0no\u00a0\u00bb. If you want to become the master of your anger and learn to use it rather than suffer from it, this workshop is for your group of +6 people!Series: Vibrational [&hellip;]<\/p>\n","protected":false},"author":1,"featured_media":0,"parent":0,"menu_order":0,"comment_status":"closed","ping_status":"closed","template":"","meta":{"_et_pb_use_builder":"on","_et_pb_old_content":"","_et_gb_content_width":"","footnotes":""},"class_list":["post-1320","page","type-page","status-publish","hentry"],"yoast_head":"<!-- This site is optimized with the Yoast SEO plugin v27.5 - https:\/\/yoast.com\/product\/yoast-seo-wordpress\/ -->\n<title>Workshops - Marieve Lemay<\/title>\n<meta name=\"description\" content=\"In person workshops offered by Mari\u00e8ve Lemay. Series of 5 Vibrational cocoon workshops and Ignite your emotions.\" \/>\n<meta name=\"robots\" content=\"index, follow, max-snippet:-1, max-image-preview:large, max-video-preview:-1\" \/>\n<link rel=\"canonical\" href=\"\/en\/https:\/\/marievelemay.com\/en\/workshops\/\/\" \/>\n<meta property=\"og:locale\" content=\"en_US\" \/>\n<meta property=\"og:type\" content=\"article\" \/>\n<meta property=\"og:title\" content=\"Workshops offered by Mari\u00e8ve Lemay\" \/>\n<meta property=\"og:description\" content=\"In person workshops offered by Mari\u00e8ve Lemay. Series of 5 Vibrational cocoon workshops and Ignite your emotions.\" \/>\n<meta property=\"og:url\" content=\"\/en\/https:\/\/marievelemay.com\/en\/workshops\/\/\" \/>\n<meta property=\"og:site_name\" content=\"Marieve Lemay\" \/>\n<meta property=\"article:modified_time\" content=\"2023-11-10T19:33:45+00:00\" \/>\n<meta property=\"og:image\" content=\"https:\/\/marievelemay.com\/wp-content\/uploads\/2023\/09\/Pink-Geometric-Gaming-Youtube-Banner-3-1024x576.png\" \/>\n<meta name=\"twitter:card\" content=\"summary_large_image\" \/>\n<meta name=\"twitter:label1\" content=\"Est. reading time\" \/>\n\t<meta name=\"twitter:data1\" content=\"3 minutes\" \/>\n<script type=\"application\/ld+json\" class=\"yoast-schema-graph\">{\"@context\":\"https:\\\/\\\/schema.org\",\"@graph\":[{\"@type\":\"WebPage\",\"@id\":\"https:\\\/\\\/marievelemay.com\\\/en\\\/workshops\\\/\",\"url\":\"https:\\\/\\\/marievelemay.com\\\/en\\\/workshops\\\/\",\"name\":\"Workshops - Marieve Lemay\",\"isPartOf\":{\"@id\":\"https:\\\/\\\/marievelemay.com\\\/en\\\/#website\"},\"datePublished\":\"2023-08-01T14:45:46+00:00\",\"dateModified\":\"2023-11-10T19:33:45+00:00\",\"description\":\"In person workshops offered by Mari\u00e8ve Lemay. Series of 5 Vibrational cocoon workshops and Ignite your emotions.\",\"breadcrumb\":{\"@id\":\"https:\\\/\\\/marievelemay.com\\\/en\\\/workshops\\\/#breadcrumb\"},\"inLanguage\":\"en-US\",\"potentialAction\":[{\"@type\":\"ReadAction\",\"target\":[\"https:\\\/\\\/marievelemay.com\\\/en\\\/workshops\\\/\"]}]},{\"@type\":\"BreadcrumbList\",\"@id\":\"https:\\\/\\\/marievelemay.com\\\/en\\\/workshops\\\/#breadcrumb\",\"itemListElement\":[{\"@type\":\"ListItem\",\"position\":1,\"name\":\"Accueil\",\"item\":\"https:\\\/\\\/marievelemay.com\\\/en\\\/\"},{\"@type\":\"ListItem\",\"position\":2,\"name\":\"Workshops\"}]},{\"@type\":\"WebSite\",\"@id\":\"https:\\\/\\\/marievelemay.com\\\/en\\\/#website\",\"url\":\"https:\\\/\\\/marievelemay.com\\\/en\\\/\",\"name\":\"Mari\u00e8ve Lemay\",\"description\":\"Enflamme ton authenticit\u00e9 pour d\u00e9ployer ta l\u00e9g\u00e8ret\u00e9\",\"publisher\":{\"@id\":\"https:\\\/\\\/marievelemay.com\\\/en\\\/#\\\/schema\\\/person\\\/ead42ddd41362ccfbc5f791d4bcd6077\"},\"alternateName\":\"Conf\u00e9renci\u00e8re internationale, coach certifi\u00e9e et auteure.\",\"potentialAction\":[{\"@type\":\"SearchAction\",\"target\":{\"@type\":\"EntryPoint\",\"urlTemplate\":\"https:\\\/\\\/marievelemay.com\\\/en\\\/?s={search_term_string}\"},\"query-input\":{\"@type\":\"PropertyValueSpecification\",\"valueRequired\":true,\"valueName\":\"search_term_string\"}}],\"inLanguage\":\"en-US\"},{\"@type\":[\"Person\",\"Organization\"],\"@id\":\"https:\\\/\\\/marievelemay.com\\\/en\\\/#\\\/schema\\\/person\\\/ead42ddd41362ccfbc5f791d4bcd6077\",\"name\":\"Mari\u00e8ve Lemay\",\"image\":{\"@type\":\"ImageObject\",\"inLanguage\":\"en-US\",\"@id\":\"https:\\\/\\\/marievelemay.com\\\/wp-content\\\/uploads\\\/2023\\\/08\\\/Design-sans-titre-2.png\",\"url\":\"https:\\\/\\\/marievelemay.com\\\/wp-content\\\/uploads\\\/2023\\\/08\\\/Design-sans-titre-2.png\",\"contentUrl\":\"https:\\\/\\\/marievelemay.com\\\/wp-content\\\/uploads\\\/2023\\\/08\\\/Design-sans-titre-2.png\",\"width\":500,\"height\":500,\"caption\":\"Mari\u00e8ve Lemay\"},\"logo\":{\"@id\":\"https:\\\/\\\/marievelemay.com\\\/wp-content\\\/uploads\\\/2023\\\/08\\\/Design-sans-titre-2.png\"},\"sameAs\":[\"http:\\\/\\\/www.marievelemay.com\"]}]}<\/script>\n<!-- \/ Yoast SEO plugin. -->","yoast_head_json":{"title":"Workshops - Marieve Lemay","description":"In person workshops offered by Mari\u00e8ve Lemay. Series of 5 Vibrational cocoon workshops and Ignite your emotions.","robots":{"index":"index","follow":"follow","max-snippet":"max-snippet:-1","max-image-preview":"max-image-preview:large","max-video-preview":"max-video-preview:-1"},"canonical":"\/en\/https:\/\/marievelemay.com\/en\/workshops\/\/","og_locale":"en_US","og_type":"article","og_title":"Workshops offered by Mari\u00e8ve Lemay","og_description":"In person workshops offered by Mari\u00e8ve Lemay. Series of 5 Vibrational cocoon workshops and Ignite your emotions.","og_url":"\/en\/https:\/\/marievelemay.com\/en\/workshops\/\/","og_site_name":"Marieve Lemay","article_modified_time":"2023-11-10T19:33:45+00:00","og_image":[{"url":"https:\/\/marievelemay.com\/wp-content\/uploads\/2023\/09\/Pink-Geometric-Gaming-Youtube-Banner-3-1024x576.png","type":"","width":"","height":""}],"twitter_card":"summary_large_image","twitter_misc":{"Est. reading time":"3 minutes"},"schema":{"@context":"https:\/\/schema.org","@graph":[{"@type":"WebPage","@id":"https:\/\/marievelemay.com\/en\/workshops\/","url":"https:\/\/marievelemay.com\/en\/workshops\/","name":"Workshops - Marieve Lemay","isPartOf":{"@id":"https:\/\/marievelemay.com\/en\/#website"},"datePublished":"2023-08-01T14:45:46+00:00","dateModified":"2023-11-10T19:33:45+00:00","description":"In person workshops offered by Mari\u00e8ve Lemay. Series of 5 Vibrational cocoon workshops and Ignite your emotions.","breadcrumb":{"@id":"https:\/\/marievelemay.com\/en\/workshops\/#breadcrumb"},"inLanguage":"en-US","potentialAction":[{"@type":"ReadAction","target":["https:\/\/marievelemay.com\/en\/workshops\/"]}]},{"@type":"BreadcrumbList","@id":"https:\/\/marievelemay.com\/en\/workshops\/#breadcrumb","itemListElement":[{"@type":"ListItem","position":1,"name":"Accueil","item":"https:\/\/marievelemay.com\/en\/"},{"@type":"ListItem","position":2,"name":"Workshops"}]},{"@type":"WebSite","@id":"https:\/\/marievelemay.com\/en\/#website","url":"https:\/\/marievelemay.com\/en\/","name":"Mari\u00e8ve Lemay","description":"Enflamme ton authenticit\u00e9 pour d\u00e9ployer ta l\u00e9g\u00e8ret\u00e9","publisher":{"@id":"https:\/\/marievelemay.com\/en\/#\/schema\/person\/ead42ddd41362ccfbc5f791d4bcd6077"},"alternateName":"Conf\u00e9renci\u00e8re internationale, coach certifi\u00e9e et auteure.","potentialAction":[{"@type":"SearchAction","target":{"@type":"EntryPoint","urlTemplate":"https:\/\/marievelemay.com\/en\/?s={search_term_string}"},"query-input":{"@type":"PropertyValueSpecification","valueRequired":true,"valueName":"search_term_string"}}],"inLanguage":"en-US"},{"@type":["Person","Organization"],"@id":"https:\/\/marievelemay.com\/en\/#\/schema\/person\/ead42ddd41362ccfbc5f791d4bcd6077","name":"Mari\u00e8ve Lemay","image":{"@type":"ImageObject","inLanguage":"en-US","@id":"https:\/\/marievelemay.com\/wp-content\/uploads\/2023\/08\/Design-sans-titre-2.png","url":"https:\/\/marievelemay.com\/wp-content\/uploads\/2023\/08\/Design-sans-titre-2.png","contentUrl":"https:\/\/marievelemay.com\/wp-content\/uploads\/2023\/08\/Design-sans-titre-2.png","width":500,"height":500,"caption":"Mari\u00e8ve Lemay"},"logo":{"@id":"https:\/\/marievelemay.com\/wp-content\/uploads\/2023\/08\/Design-sans-titre-2.png"},"sameAs":["http:\/\/www.marievelemay.com"]}]}},"_links":{"self":[{"href":"https:\/\/marievelemay.com\/en\/wp-json\/wp\/v2\/pages\/1320","targetHints":{"allow":["GET"]}}],"collection":[{"href":"https:\/\/marievelemay.com\/en\/wp-json\/wp\/v2\/pages"}],"about":[{"href":"https:\/\/marievelemay.com\/en\/wp-json\/wp\/v2\/types\/page"}],"author":[{"embeddable":true,"href":"https:\/\/marievelemay.com\/en\/wp-json\/wp\/v2\/users\/1"}],"replies":[{"embeddable":true,"href":"https:\/\/marievelemay.com\/en\/wp-json\/wp\/v2\/comments?post=1320"}],"version-history":[{"count":2,"href":"https:\/\/marievelemay.com\/en\/wp-json\/wp\/v2\/pages\/1320\/revisions"}],"predecessor-version":[{"id":1388,"href":"https:\/\/marievelemay.com\/en\/wp-json\/wp\/v2\/pages\/1320\/revisions\/1388"}],"wp:attachment":[{"href":"https:\/\/marievelemay.com\/en\/wp-json\/wp\/v2\/media?parent=1320"}],"curies":[{"name":"wp","href":"https:\/\/api.w.org\/{rel}","templated":true}]}}